{"id":1616,"date":"2025-04-27T19:52:52","date_gmt":"2025-04-27T17:52:52","guid":{"rendered":"https:\/\/objektum.si\/?page_id=1616"},"modified":"2025-05-18T16:18:30","modified_gmt":"2025-05-18T14:18:30","slug":"o-nas","status":"publish","type":"page","link":"https:\/\/objektum.si\/de\/o-nas\/","title":{"rendered":"\u00dcber uns"},"content":{"rendered":"<div data-elementor-type=\"wp-page\" data-elementor-id=\"1616\" class=\"elementor elementor-1616\">\n\t\t\t\t<div class=\"elementor-element elementor-element-263e707 e-flex e-con-boxed wpr-particle-no wpr-jarallax-no wpr-parallax-no wpr-sticky-section-no wpr-equal-height-no e-con e-parent\" data-id=\"263e707\" data-element_type=\"container\" data-e-type=\"container\" data-settings=\"{&quot;background_background&quot;:&quot;classic&quot;}\">\n\t\t\t\t\t<div class=\"e-con-inner\">\n\t\t\t\t<div class=\"elementor-element elementor-element-23bea6e elementor-widget elementor-widget-heading\" data-id=\"23bea6e\" data-element_type=\"widget\" data-e-type=\"widget\" data-widget_type=\"heading.default\">\n\t\t\t\t<div class=\"elementor-widget-container\">\n\t\t\t\t\t<h2 class=\"elementor-heading-title elementor-size-default\">\u00dcber uns<\/h2>\t\t\t\t<\/div>\n\t\t\t\t<\/div>\n\t\t\t\t\t<\/div>\n\t\t\t\t<\/div>\n\t\t<div class=\"elementor-element elementor-element-10bd410 e-flex e-con-boxed wpr-particle-no wpr-jarallax-no wpr-parallax-no wpr-sticky-section-no wpr-equal-height-no e-con e-parent\" data-id=\"10bd410\" data-element_type=\"container\" data-e-type=\"container\">\n\t\t\t\t\t<div class=\"e-con-inner\">\n\t\t<div class=\"elementor-element elementor-element-fc16a35 e-con-full e-flex wpr-particle-no wpr-jarallax-no wpr-parallax-no wpr-sticky-section-no wpr-equal-height-no e-con e-child\" data-id=\"fc16a35\" data-element_type=\"container\" data-e-type=\"container\" data-settings=\"{&quot;background_background&quot;:&quot;classic&quot;}\">\n\t\t\t\t<\/div>\n\t\t<div class=\"elementor-element elementor-element-714a08c e-con-full e-flex wpr-particle-no wpr-jarallax-no wpr-parallax-no wpr-sticky-section-no wpr-equal-height-no e-con e-child\" data-id=\"714a08c\" data-element_type=\"container\" data-e-type=\"container\" data-settings=\"{&quot;background_background&quot;:&quot;classic&quot;}\">\n\t\t\t\t<div class=\"elementor-element elementor-element-76ec2c8 elementor-widget elementor-widget-text-editor\" data-id=\"76ec2c8\" data-element_type=\"widget\" data-e-type=\"widget\" data-widget_type=\"text-editor.default\">\n\t\t\t\t<div class=\"elementor-widget-container\">\n\t\t\t\t\t\t\t\t\t<p>Wir freuen uns, Ihnen unser Unternehmen vorstellen zu d\u00fcrfen, das auf ein breites Spektrum an Hausmeister- und Wartungsdiensten spezialisiert ist, die auf die Bed\u00fcrfnisse von Geb\u00e4udeverwaltern, Unternehmen und Organisationen zugeschnitten sind. Zu unseren wichtigsten Werten z\u00e4hlen Zuverl\u00e4ssigkeit, schnelle Reaktionszeiten und eine qualitativ hochwertige Ausf\u00fchrung der Arbeiten, die wir sorgf\u00e4ltig, mit einem hohen Ma\u00df an Professionalit\u00e4t und Engagement durchf\u00fchren.<\/p><p>Das Unternehmen wird von einem Team mit langj\u00e4hriger Erfahrung gef\u00fchrt. Der Gesch\u00e4ftsf\u00fchrer war zuvor in \u00d6sterreich t\u00e4tig, wo er f\u00fcr die Organisation und Koordination von Wartungsarbeiten an wichtigen Gesch\u00e4ftseinrichtungen wie dem Max Tower Graz (Verbindung) und Welcome Tower Graz (Verbindung) und in Pflegeeinrichtungen wie der Kr\u00e4utergarten Gruppe.<a href=\"https:\/\/www.wicona.com\/de\/ch\/referenzen\/osterreich\/max-tower\/\" target=\"_blank\" rel=\"noopener\">povezava<\/a>, vir: wicona.com) in Welcome Tower Graz (<a href=\"https:\/\/www.bramberger-architects.at\/projekt\/welcome-tower\/\" target=\"_blank\" rel=\"noopener\">povezava<\/a>), ter na objektih domov za starej\u0161e, kot je Kr\u00e4utergarten Gruppe.<\/p><p>Im Rahmen dieser Aufgaben waren wir verantwortlich f\u00fcr:<\/p><ul><li>Planung regelm\u00e4\u00dfiger und au\u00dferordentlicher Wartungen,<\/li><li>Kommunikation mit Auftragnehmern,<\/li><li>\u00dcberwachung der Ausf\u00fchrung der Arbeiten,<\/li><li>Sicherstellung der technischen Integrit\u00e4t der Anlagen,<\/li><li>Zeitnahe Behebung etwaiger St\u00f6rungen,<\/li><li>Sicherstellung der Einhaltung von Sicherheits- und Bauvorschriften.<\/li><\/ul><p>Wir sind uns bewusst, dass jede Aufgabe und jedes Projekt einzigartig ist. Deshalb passen wir uns den spezifischen Bed\u00fcrfnissen unserer Kunden an und bieten stets die h\u00f6chste Servicequalit\u00e4t.<\/p><p>Wir sind davon \u00fcberzeugt, dass wir mit unserer Erfahrung und unserem Fachwissen erfolgreich zur Leistungssteigerung Ihres Unternehmens und Ihrer Einrichtungen beitragen k\u00f6nnen. Wir freuen uns auf die Zusammenarbeit mit Ihnen und stehen Ihnen f\u00fcr weitere Erl\u00e4uterungen jederzeit gerne zur Verf\u00fcgung.<\/p>\t\t\t\t\t\t\t\t<\/div>\n\t\t\t\t<\/div>\n\t\t\t\t<\/div>\n\t\t\t\t\t<\/div>\n\t\t\t\t<\/div>\n\t\t\t\t<\/div>","protected":false},"excerpt":{"rendered":"<p>O NAS Z veseljem vam predstavljamo na\u0161e podjetje, specializirano za \u0161irok spekter hi\u0161ni\u0161kih in vzdr\u017eevalnih storitev, ki so prilagojene potrebam upravnikov stavb, podjetij in organizacij. Na\u0161a glavna vrednota je zanesljivost, takoj\u0161nja odzivnost in kakovostna izvedba del, ki jih skrbno izvajamo z visoko stopnjo strokovnosti in predanosti. Podjetje vodi ekipa z dolgoletnimi izku\u0161njami, pri \u010demer je vodja podjetja predhodno deloval v Avstriji, kjer je bil odgovoren za organizacijo in koordinacijo vzdr\u017eevalnih del na pomembnih poslovnih objektih, kot sta Max Tower Graz (povezava, vir: wicona.com) in Welcome Tower Graz (povezava), ter na objektih domov za starej\u0161e, kot je Kr\u00e4utergarten Gruppe. V okviru teh nalog smo skrbeli za: Na\u010drtovanje rednega in izrednega vzdr\u017eevanja, Komunikacijo z izvajalci, Nadzor nad izvedbo del, Zagotavljanje tehni\u010dne brezhibnosti objektov, Pravo\u010dasno re\u0161evanje morebitnih okvar, Skrb za skladnost z varnostnimi in gradbenimi predpisi. Zavedamo se, da je vsaka naloga in vsak projekt edinstven, zato se prilagodimo specifi\u010dnim potrebam na\u0161ih strank in vedno zagotavljamo najvi\u0161jo kakovost storitev. Verjamemo, da lahko z na\u0161imi izku\u0161njami in strokovnostjo uspe\u0161no prispevamo k izbolj\u0161anju delovanja va\u0161ega podjetja in objektov. Veselimo se sodelovanja z vami in smo vedno na voljo za dodatna pojasnila.<\/p>","protected":false},"author":1,"featured_media":0,"parent":0,"menu_order":0,"comment_status":"closed","ping_status":"closed","template":"","meta":{"footnotes":""},"class_list":["post-1616","page","type-page","status-publish","hentry"],"blocksy_meta":{"styles_descriptor":{"styles":{"desktop":"","tablet":"","mobile":""},"google_fonts":[],"version":6},"page_title_panel":"","has_hero_section":"disabled","624c94a1f3929a39ed890eea567e9891":"","hero_section":"type-1","hero_elements":[{"id":"custom_title","enabled":true,"heading_tag":"h1","title":"Home"},{"id":"custom_description","enabled":true,"description_visibility":{"desktop":true,"tablet":true,"mobile":false}},{"id":"custom_meta","enabled":false,"meta_elements":[{"id":"author","enabled":true,"label":"By","has_author_avatar":"yes","avatar_size":25},{"id":"post_date","enabled":true,"label":"On","date_format_source":"default","date_format":"M j, Y"},{"id":"updated_date","enabled":false,"label":"On","date_format_source":"default","date_format":"M j, Y"},{"id":"categories","enabled":false,"label":"In","style":"simple"},{"id":"comments","enabled":true}],"page_meta_elements":{"joined":true,"articles_count":true,"comments":true}},{"id":"breadcrumbs","enabled":false}],"dfafc06298ad5c48e1be89c77ee34726":"","hero_alignment1":"CT_CSS_SKIP_RULE","hero_margin":40,"hero_alignment2":"center","hero_vertical_alignment":"center","c54df3b07b4cac1553d5cd6ec79dcd87":"","hero_structure":"narrow","6305b8f4a40773359a08f862bdf61bd6":"","page_title_bg_type":"featured_image","custom_hero_background":{"attachment_id":null},"page_title_image_size":"full","parallax":{"desktop":false,"tablet":false,"mobile":false},"2267a593d949fe3062bdf927d904bcbf":"","hero_height":"250px","pageTitleFont":{"family":"Default","variation":"Default","size":"30px","line-height":"CT_CSS_SKIP_RULE","letter-spacing":"CT_CSS_SKIP_RULE","text-transform":"CT_CSS_SKIP_RULE","text-decoration":"CT_CSS_SKIP_RULE"},"pageTitleFontColor":{"default":{"color":"CT_CSS_SKIP_RULEDEFAULT"}},"pageMetaFont":{"family":"Default","variation":"n6","size":"12px","line-height":"1.3","letter-spacing":"CT_CSS_SKIP_RULE","text-transform":"uppercase","text-decoration":"CT_CSS_SKIP_RULE"},"pageMetaFontColor":{"default":{"color":"CT_CSS_SKIP_RULEDEFAULT"},"hover":{"color":"CT_CSS_SKIP_RULEDEFAULT"}},"page_meta_button_type_font_colors":{"default":{"color":"CT_CSS_SKIP_RULEDEFAULT"},"hover":{"color":"CT_CSS_SKIP_RULEDEFAULT"}},"page_meta_button_type_background_colors":{"default":{"color":"CT_CSS_SKIP_RULEDEFAULT"},"hover":{"color":"CT_CSS_SKIP_RULEDEFAULT"}},"pageExcerptFont":{"family":"Default","variation":"Default","size":"CT_CSS_SKIP_RULE","line-height":"CT_CSS_SKIP_RULE","letter-spacing":"CT_CSS_SKIP_RULE","text-transform":"CT_CSS_SKIP_RULE","text-decoration":"CT_CSS_SKIP_RULE"},"pageExcerptColor":{"default":{"color":"CT_CSS_SKIP_RULEDEFAULT"}},"breadcrumbsFont":{"family":"Default","variation":"Default","size":"CT_CSS_SKIP_RULE","line-height":"CT_CSS_SKIP_RULE","letter-spacing":"CT_CSS_SKIP_RULE","text-transform":"CT_CSS_SKIP_RULE","text-decoration":"CT_CSS_SKIP_RULE"},"breadcrumbsFontColor":{"default":{"color":"CT_CSS_SKIP_RULEDEFAULT"},"initial":{"color":"CT_CSS_SKIP_RULEDEFAULT"},"hover":{"color":"CT_CSS_SKIP_RULEDEFAULT"}},"pageTitleOverlay":{"background_type":"color","background_pattern":"type-1","background_image":{"attachment_id":null,"x":0,"y":0},"gradient":"linear-gradient(135deg,rgba(6,147,227,1) 0%,rgb(155,81,224) 100%)","background_repeat":"repeat","background_size":"auto","background_attachment":"scroll","patternColor":{"default":{"color":"#e5e7ea"}},"overlayColor":{"default":{"color":"CT_CSS_SKIP_RULE"}},"backgroundColor":{"default":{"color":"CT_CSS_SKIP_RULE"}}},"pageTitleBackground":{"background_type":"color","background_pattern":"type-1","background_image":{"attachment_id":null,"x":0,"y":0},"gradient":"linear-gradient(135deg,rgba(6,147,227,1) 0%,rgb(155,81,224) 100%)","background_repeat":"repeat","background_size":"auto","background_attachment":"scroll","patternColor":{"default":{"color":"#e5e7ea"}},"overlayColor":{"default":{"color":"CT_CSS_SKIP_RULE"}},"backgroundColor":{"default":{"color":"var(--theme-palette-color-6)"}}},"pageTitlePadding":{"top":"50px","bottom":"50px","left":"auto","right":"auto","linked":true},"cf92b6869e63f47ff3241cef0fa94284":"","page_structure_type":"default","9084b75ff48926a4a77c08eda359e985":"","content_style_source":"inherit","content_style":"wide","vertical_spacing_source":"custom","content_area_spacing":"none","background":{"background_type":"color","background_pattern":"type-1","background_image":{"attachment_id":null,"x":0,"y":0},"gradient":"linear-gradient(135deg,rgba(6,147,227,1) 0%,rgb(155,81,224) 100%)","background_repeat":"repeat","background_size":"auto","background_attachment":"scroll","patternColor":{"default":{"color":"#e5e7ea"}},"overlayColor":{"default":{"color":"CT_CSS_SKIP_RULE"}},"backgroundColor":{"default":{"color":"CT_CSS_SKIP_RULE"}}},"content_background":{"background_type":"color","background_pattern":"type-1","background_image":{"attachment_id":null,"x":0,"y":0},"gradient":"linear-gradient(135deg,rgba(6,147,227,1) 0%,rgb(155,81,224) 100%)","background_repeat":"repeat","background_size":"auto","background_attachment":"scroll","patternColor":{"default":{"color":"#e5e7ea"}},"overlayColor":{"default":{"color":"CT_CSS_SKIP_RULE"}},"backgroundColor":{"default":{"color":"var(--theme-palette-color-8)"}}},"content_boxed_shadow":{"inherit":false,"blur":18,"spread":-6,"v_offset":12,"h_offset":0,"inset":false,"enable":true,"color":{"color":"rgba(34, 56, 101, 0.04)"}},"content_boxed_border":{"width":1,"style":"none","color":{"color":"rgba(44,62,80,0.2)"}},"content_boxed_radius":{"top":"3px","bottom":"3px","left":"3px","right":"3px","linked":true},"boxed_content_spacing":{"desktop":{"top":"40px","bottom":"40px","left":"40px","right":"40px","linked":true},"tablet":{"top":"35px","bottom":"35px","left":"35px","right":"35px","linked":true},"mobile":{"top":"20px","bottom":"20px","left":"20px","right":"20px","linked":true}},"145e0b0b00be0eac2bda1f764494fb6b":"","disable_featured_image":"no","disable_share_box":"no","disable_header":"no","disable_footer":"no"},"_links":{"self":[{"href":"https:\/\/objektum.si\/de\/wp-json\/wp\/v2\/pages\/1616","targetHints":{"allow":["GET"]}}],"collection":[{"href":"https:\/\/objektum.si\/de\/wp-json\/wp\/v2\/pages"}],"about":[{"href":"https:\/\/objektum.si\/de\/wp-json\/wp\/v2\/types\/page"}],"author":[{"embeddable":true,"href":"https:\/\/objektum.si\/de\/wp-json\/wp\/v2\/users\/1"}],"replies":[{"embeddable":true,"href":"https:\/\/objektum.si\/de\/wp-json\/wp\/v2\/comments?post=1616"}],"version-history":[{"count":0,"href":"https:\/\/objektum.si\/de\/wp-json\/wp\/v2\/pages\/1616\/revisions"}],"wp:attachment":[{"href":"https:\/\/objektum.si\/de\/wp-json\/wp\/v2\/media?parent=1616"}],"curies":[{"name":"wp","href":"https:\/\/api.w.org\/{rel}","templated":true}]}}